{"id":879,"date":"2013-06-25T13:58:44","date_gmt":"2013-06-25T12:58:44","guid":{"rendered":"http:\/\/wundertype.de\/?page_id=879"},"modified":"2026-02-08T13:51:19","modified_gmt":"2026-02-08T12:51:19","slug":"print","status":"publish","type":"page","link":"http:\/\/wundertype.de\/?page_id=879","title":{"rendered":"Print"},"content":{"rendered":"<p><img loading=\"lazy\" decoding=\"async\" class=\"alignnone size-full wp-image-1041\" src=\"http:\/\/wundertype.de\/wp-content\/uploads\/2013\/06\/print.jpg\" alt=\"Print\" width=\"900\" height=\"667\" srcset=\"http:\/\/wundertype.de\/wp-content\/uploads\/2013\/06\/print.jpg 900w, http:\/\/wundertype.de\/wp-content\/uploads\/2013\/06\/print-300x222.jpg 300w\" sizes=\"auto, (max-width: 900px) 100vw, 900px\" \/><strong>Worte, die im Druck Eindruck hinterlassen<\/strong><\/p>\n<p><br \/>Gedruckte Produkte sind mehr als nur Informationstr\u00e4ger. Sie sind haptische Erlebnisse, die Geschichten erz\u00e4hlen und Emotionen wecken. Als Texter f\u00fcr hochwertige Printprodukte verstehe ich die Kunst, Worte so zu w\u00e4hlen, dass sie in Magazinen, Brosch\u00fcren oder Katalogen eine bleibende Wirkung hinterlassen.<\/p>\n<p>Mit Erfahrung und Gesp\u00fcr f\u00fcr Sprache entwickle ich Texte, die Ihre Printprodukte zu etwas Besonderem machen. Ob Fachtexte, Produktbeschreibungen oder Bildunterschriften \u2013 ich finde die richtigen Worte f\u00fcr Ihre Botschaft.<\/p>\n<p>Verleihen Sie Ihren Drucksachen eine einzigartige Stimme.<\/p>\n\n\n<p><\/p>\n","protected":false},"excerpt":{"rendered":"<p>Worte, die im Druck Eindruck hinterlassen Gedruckte Produkte sind mehr als nur Informationstr\u00e4ger. Sie sind <a href=\"http:\/\/wundertype.de\/?page_id=879\">Read more<\/a><\/p>\n","protected":false},"author":1,"featured_media":0,"parent":0,"menu_order":0,"comment_status":"closed","ping_status":"closed","template":"","meta":{"footnotes":""},"class_list":["post-879","page","type-page","status-publish","hentry"],"_links":{"self":[{"href":"http:\/\/wundertype.de\/index.php?rest_route=\/wp\/v2\/pages\/879","targetHints":{"allow":["GET"]}}],"collection":[{"href":"http:\/\/wundertype.de\/index.php?rest_route=\/wp\/v2\/pages"}],"about":[{"href":"http:\/\/wundertype.de\/index.php?rest_route=\/wp\/v2\/types\/page"}],"author":[{"embeddable":true,"href":"http:\/\/wundertype.de\/index.php?rest_route=\/wp\/v2\/users\/1"}],"replies":[{"embeddable":true,"href":"http:\/\/wundertype.de\/index.php?rest_route=%2Fwp%2Fv2%2Fcomments&post=879"}],"version-history":[{"count":13,"href":"http:\/\/wundertype.de\/index.php?rest_route=\/wp\/v2\/pages\/879\/revisions"}],"predecessor-version":[{"id":1282,"href":"http:\/\/wundertype.de\/index.php?rest_route=\/wp\/v2\/pages\/879\/revisions\/1282"}],"wp:attachment":[{"href":"http:\/\/wundertype.de\/index.php?rest_route=%2Fwp%2Fv2%2Fmedia&parent=879"}],"curies":[{"name":"wp","href":"https:\/\/api.w.org\/{rel}","templated":true}]}}