{"id":881,"date":"2013-06-25T13:59:34","date_gmt":"2013-06-25T12:59:34","guid":{"rendered":"http:\/\/wundertype.de\/?page_id=881"},"modified":"2026-02-08T14:05:37","modified_gmt":"2026-02-08T13:05:37","slug":"web","status":"publish","type":"page","link":"http:\/\/wundertype.de\/?page_id=881","title":{"rendered":"Web und App"},"content":{"rendered":"<p><img loading=\"lazy\" decoding=\"async\" class=\"alignnone size-full wp-image-1043\" src=\"http:\/\/wundertype.de\/wp-content\/uploads\/2013\/06\/web_app.png\" alt=\"Web und App\" width=\"900\" height=\"667\" srcset=\"http:\/\/wundertype.de\/wp-content\/uploads\/2013\/06\/web_app.png 900w, http:\/\/wundertype.de\/wp-content\/uploads\/2013\/06\/web_app-300x222.png 300w\" sizes=\"auto, (max-width: 900px) 100vw, 900px\" \/><strong>Optimieren Sie Ihre digitale Kommunikation mit einem professionellen UX Copywriter.<\/strong><\/p>\n<p>Design Thinking erm\u00f6glicht es dabei, klare und nutzerfreundliche Texte f\u00fcr Websites und Apps zu erstellen. Dabei steht immer die Nutzenden im Mittelpunkt.<\/p>\n<p>Ich achte darauf, dass die Inhalte nicht nur informieren, sondern auch intuitiv verst\u00e4ndlich und leicht zug\u00e4nglich sind. Ob es darum geht, die Nutzenden durch eine Website zu navigieren oder sie in einer App zum gew\u00fcnschten Ziel zu f\u00fchren \u2013 meine Texte tragen zu einer angenehmen und effizienten Nutzererfahrung bei.<\/p>\n<p>Durch iterative Prozesse und Prototyping werden Ideen schnell getestet und verbessert, was zu innovativen und benutzerfreundlichen L\u00f6sungen f\u00fchrt.<\/p>\n<p>Der Fokus auf Empathie und Nutzerzentrierung stellt sicher, dass digitale Produkte einen echten Mehrwert bieten und langfristig erfolgreich sind.<\/p>\n","protected":false},"excerpt":{"rendered":"<p>Optimieren Sie Ihre digitale Kommunikation mit einem professionellen UX Copywriter. Design Thinking erm\u00f6glicht es dabei, <a href=\"http:\/\/wundertype.de\/?page_id=881\">Read more<\/a><\/p>\n","protected":false},"author":1,"featured_media":0,"parent":0,"menu_order":0,"comment_status":"closed","ping_status":"closed","template":"","meta":{"footnotes":""},"class_list":["post-881","page","type-page","status-publish","hentry"],"_links":{"self":[{"href":"http:\/\/wundertype.de\/index.php?rest_route=\/wp\/v2\/pages\/881","targetHints":{"allow":["GET"]}}],"collection":[{"href":"http:\/\/wundertype.de\/index.php?rest_route=\/wp\/v2\/pages"}],"about":[{"href":"http:\/\/wundertype.de\/index.php?rest_route=\/wp\/v2\/types\/page"}],"author":[{"embeddable":true,"href":"http:\/\/wundertype.de\/index.php?rest_route=\/wp\/v2\/users\/1"}],"replies":[{"embeddable":true,"href":"http:\/\/wundertype.de\/index.php?rest_route=%2Fwp%2Fv2%2Fcomments&post=881"}],"version-history":[{"count":2,"href":"http:\/\/wundertype.de\/index.php?rest_route=\/wp\/v2\/pages\/881\/revisions"}],"predecessor-version":[{"id":1284,"href":"http:\/\/wundertype.de\/index.php?rest_route=\/wp\/v2\/pages\/881\/revisions\/1284"}],"wp:attachment":[{"href":"http:\/\/wundertype.de\/index.php?rest_route=%2Fwp%2Fv2%2Fmedia&parent=881"}],"curies":[{"name":"wp","href":"https:\/\/api.w.org\/{rel}","templated":true}]}}