{"id":883,"date":"2013-06-25T14:00:03","date_gmt":"2013-06-25T13:00:03","guid":{"rendered":"http:\/\/wundertype.de\/?page_id=883"},"modified":"2026-02-08T14:18:37","modified_gmt":"2026-02-08T13:18:37","slug":"interieur","status":"publish","type":"page","link":"http:\/\/wundertype.de\/?page_id=883","title":{"rendered":"Objekt"},"content":{"rendered":"<p><a href=\"http:\/\/wundertype.de\/wp-content\/uploads\/2013\/06\/objekt2.jpg\"><img loading=\"lazy\" decoding=\"async\" class=\"alignnone size-full wp-image-1049\" src=\"http:\/\/wundertype.de\/wp-content\/uploads\/2013\/06\/objekt2.jpg\" alt=\"Objekt\" width=\"900\" height=\"667\" srcset=\"http:\/\/wundertype.de\/wp-content\/uploads\/2013\/06\/objekt2.jpg 900w, http:\/\/wundertype.de\/wp-content\/uploads\/2013\/06\/objekt2-300x222.jpg 300w\" sizes=\"auto, (max-width: 900px) 100vw, 900px\" \/><\/a><\/p>\n<p><strong>R\u00e4ume erz\u00e4hlen. Objekte sprechen.<\/strong><br \/>\nIn \u00f6ffentlichen und halb\u00f6ffentlichen Bereichen wie dem Ausstellungsbau ist der Raum selbst das Objekt. Er ist die Leinwand, auf der Geschichten entstehen. Ich konzipiere und gestalte diese Geschichten mit Worten, wenn es um Exponate, Branding oder die Wegef\u00fchrung geht.<\/p>\n<p>Mit Leidenschaft f\u00fcr Sprache und architektonischem Blick entwickle ich Texte, die Ihren Raum zum Leben erwecken. Vom historischen Schauplatz bis zum modernen White Cube \u2013 ich finde die Worte, die seine Einzigartigkeit hervorheben.<\/p>\n<p>Verleihen Sie Ihrem Raum eine Stimme.<\/p>\n","protected":false},"excerpt":{"rendered":"<p>R\u00e4ume erz\u00e4hlen. Objekte sprechen. In \u00f6ffentlichen und halb\u00f6ffentlichen Bereichen wie dem Ausstellungsbau ist der Raum <a href=\"http:\/\/wundertype.de\/?page_id=883\">Read more<\/a><\/p>\n","protected":false},"author":1,"featured_media":0,"parent":0,"menu_order":0,"comment_status":"closed","ping_status":"closed","template":"","meta":{"footnotes":""},"class_list":["post-883","page","type-page","status-publish","hentry"],"_links":{"self":[{"href":"http:\/\/wundertype.de\/index.php?rest_route=\/wp\/v2\/pages\/883","targetHints":{"allow":["GET"]}}],"collection":[{"href":"http:\/\/wundertype.de\/index.php?rest_route=\/wp\/v2\/pages"}],"about":[{"href":"http:\/\/wundertype.de\/index.php?rest_route=\/wp\/v2\/types\/page"}],"author":[{"embeddable":true,"href":"http:\/\/wundertype.de\/index.php?rest_route=\/wp\/v2\/users\/1"}],"replies":[{"embeddable":true,"href":"http:\/\/wundertype.de\/index.php?rest_route=%2Fwp%2Fv2%2Fcomments&post=883"}],"version-history":[{"count":5,"href":"http:\/\/wundertype.de\/index.php?rest_route=\/wp\/v2\/pages\/883\/revisions"}],"predecessor-version":[{"id":1285,"href":"http:\/\/wundertype.de\/index.php?rest_route=\/wp\/v2\/pages\/883\/revisions\/1285"}],"wp:attachment":[{"href":"http:\/\/wundertype.de\/index.php?rest_route=%2Fwp%2Fv2%2Fmedia&parent=883"}],"curies":[{"name":"wp","href":"https:\/\/api.w.org\/{rel}","templated":true}]}}