{"id":885,"date":"2013-06-25T14:02:53","date_gmt":"2013-06-25T13:02:53","guid":{"rendered":"http:\/\/wundertype.de\/?page_id=885"},"modified":"2025-10-10T17:48:15","modified_gmt":"2025-10-10T16:48:15","slug":"uber-alles","status":"publish","type":"page","link":"http:\/\/wundertype.de\/?page_id=885","title":{"rendered":"Datenschutz&shy;erkl&auml;rung"},"content":{"rendered":"<p><strong>Die Kontaktdaten des Unternehmens:<\/strong><br \/>\nName: Michael Drossmann<br \/>\nTelefonnummer: +49 53 61 \/ 2 76 69 35<br \/>\nE-Mail-Adresse: m.drossmann[AT]web.de<br \/>\nUnternehmensbezeichnung: Michael Drossmann, Technisch-kreatives B\u00fcro<br \/>\n<strong>Die Kontaktdaten des Datenschutzbeauftragten:<\/strong><br \/>\nName: Michael Drossmann<br \/>\nTelefonnummer: +49 53 61 \/ 2 76 69 35<br \/>\nE-Mail-Adresse: m.drossmann[AT]web.de<br \/>\nUnternehmensbezeichnung: Michael Drossmann, Technisch-kreatives B\u00fcro<\/p>\n<h2>Datenschutzerkl\u00e4rung<\/h2>\n<p>Sie erhalten als Nutzer unserer Internetseite in dieser Datenschutzerkl\u00e4rung alle notwendigen Informationen dar\u00fcber, wie, in welchem Umfang sowie zu welchem Zweck wir oder Drittanbieter Daten von Ihnen erheben und diese verwenden. Die Erhebung und Nutzung Ihrer Daten erfolgt streng nach den Vorgaben des Bundesdatenschutzgesetzes (BDSG) und des Telemediengesetzes (TMG). Wir f\u00fchlen uns der Vertraulichkeit Ihrer personenbezogenen Daten besonders verpflichtet und arbeiten deshalb streng innerhalb der Grenzen, die die gesetzlichen Vorgaben uns setzen. Die Erhebung dieser personenbezogenen Daten erfolgt auf freiwilliger Basis, wenn uns das m\u00f6glich ist. Auch geben wir diese Daten nur mit Ihrer ausdr\u00fccklichen Zustimmung an Dritte weiter. Wir sorgen bei besonders vertraulichen Daten wie im Zahlungsverkehr oder im Hinblick auf Ihre Anfragen an uns durch Einsatz einer SSL-Verschl\u00fcsselung f\u00fcr hohe Sicherheit. Wir m\u00f6chten es aber an dieser Stelle nicht vers\u00e4umen, auf die allgemeinen Gefahren der Internetnutzung hinzuweisen, auf die wir keinen Einfluss haben. Besonders im E-Mail-Verkehr sind Ihre Daten ohne weitere Vorkehrungen nicht sicher und k\u00f6nnen unter Umst\u00e4nden von Dritten erfasst werden.<\/p>\n<h2>Auskunft, L\u00f6schung, Sperrung<\/h2>\n<p>Sie erhalten jederzeit unentgeltlich Auskunft \u00fcber die von uns gespeicherten personenbezogenen Daten zu Ihrer Person sowie zur Herkunft, dem Empf\u00e4nger und dem Zweck von Datenerhebung sowie Datenverarbeitung. Au\u00dferdem haben Sie das Recht, die Berichtigung, die Sperrung oder L\u00f6schung Ihrer Daten zu verlangen. Ausgenommen davon sind Daten, die aufgrund gesetzlicher Vorschriften aufbewahrt oder zur ordnungsgem\u00e4\u00dfen Gesch\u00e4ftsabwicklung ben\u00f6tigt werden. Damit eine Datensperre jederzeit realisiert werden kann, werden Daten zu Kontrollzwecken in einer Sperrdatei vorgehalten. Werden Daten nicht von einer gesetzlichen Archivierungspflicht erfasst, l\u00f6schen wir Ihre Daten auf Ihren Wunsch. Greift die Archivierungspflicht, sperren wir Ihre Daten. F\u00fcr alle Fragen und Anliegen zur Berichtigung, Sperrung oder L\u00f6schung von personenbezogenen Daten wenden Sie sich bitte an unseren Datenschutzbeauftragten unter den Kontaktdaten in dieser Datenschutzerkl\u00e4rung bzw. an die im Impressum genannte Adresse.<\/p>\n<h2>Erbringung kostenpflichtiger Dienste<\/h2>\n<p>Sollten Sie die auf unserer Webseite angebotenen kostenpflichtigen Leistungen und Dienste nutzen wollen, m\u00fcssen wir zu Abrechnungszwecken und aus Sicherheitsgr\u00fcnden unter Umst\u00e4nden weitere Daten von Ihnen erheben. Regelm\u00e4\u00dfig geht es hier um Ihren Namen, eine g\u00fcltige E-Mail-Adresse und gegebenenfalls auch Ihre Anschrift und Ihre Telefonnummer sowie je nach Einzelfall um weitere Informationen. Es kann dabei auch um Inhalte gehen, die uns eine \u00dcberpr\u00fcfung der angegebenen Daten erlauben, wie etwa Ihre Inhaberschaft bez\u00fcglich der angegebenen E-Mail-Adresse. Wir m\u00fcssen aus rechtlichen Gr\u00fcnden sicherstellen, dass Sie die angebotenen Leistungen tats\u00e4chlich empfangen m\u00f6chten, und wir Ihnen die Leistung ordnungsgem\u00e4\u00df in Rechnung stellen k\u00f6nnen. Wir arbeiten im Zahlungsverkehr zur Sicherung Ihrer Daten mit dem Verschl\u00fcsselungsstandard SSL, erkennbar an der Browserzeile &#8222;https:\/\/&#8220;.<\/p>\n<h2>Inhalte und Dienste von Drittanbietern<\/h2>\n<p>Das Angebot auf unserer Webseite erfasst unter Umst\u00e4nden auch Inhalte, Dienste und Leistungen von anderen Anbietern, die unser Angebot erg\u00e4nzen. Beispiele f\u00fcr solche Angebote sind Karten von Google-Maps, YouTube-Videos oder Grafikdarstellungen Dritter. Der Aufruf dieser Leistungen von dritter Seite erfordert regelm\u00e4\u00dfig die \u00dcbermittlung Ihrer IP-Adresse. Damit ist es diesen Anbietern m\u00f6glich, Ihre Nutzer-IP-Adresse wahrzunehmen und diese auch zu speichern.<br \/>\nWir bem\u00fchen uns sehr, nur solche Drittanbieter einzubeziehen, die IP-Adressen allein zur Auslieferung der Inhalte nutzen. Wir haben dabei jedoch keinen Einfluss darauf, welcher Drittanbieter gegebenenfalls die IP-Adresse speichert. Diese Speicherung kann zum Beispiel statistischen Zwecken dienen. Sollten wir von Speicherungsvorg\u00e4ngen durch Drittanbieter Kenntnis erlangen, weisen wir unsere Nutzer unverz\u00fcglich auf diese Tatsache hin.<br \/>\nBeachten Sie bitte in diesem Zusammenhang auch die speziellen Datenschutzerkl\u00e4rungen zu einzelnen Drittanbietern und Dienstleistern, deren Service wir auf unserer Webseite nutzen. Sie finden Sie ebenfalls in dieser Datenschutzerkl\u00e4rung.<\/p>\n<h2>Facebook Plugin<\/h2>\n<p>Sie finden auf unserer Webseite Plugins des sozialen Netzwerks Facebook. Dessen Anbieter ist die Facebook Inc. Sie ist ans\u00e4ssig in den USA, California 94025, 1 Hacker Way, Menlo Park. Das Facebook-Logo oder der &#8222;Like-Button&#8220; (&#8222;Gef\u00e4llt mir&#8220;-Knopf) auf unserer Seite kennzeichnen die Facebook-Plugins f\u00fcr Sie erkennbar. Beachten Sie auch die \u00dcbersicht zu den Facebook-Plugins auf http:\/\/developers.facebook.com\/docs\/plugins\/.<br \/>\nBei Ihrem Besuch auf unserer Webseite stellen wir \u00fcber das Plugin direkt eine Verbindung mit dem Facebook-Server her. Sie sind dann \u00fcber Ihren Browser dorthin geschaltet. F\u00fcr Facebook ist damit die Information verbunden, dass Sie unsere Webseite mit Ihrer IP-Adresse besucht haben. Mit einem Klick auf den Facebook &#8222;Like-Button&#8220; verlinken Sie Inhalte unserer Webseite mit Ihrem Profil auf Facebook. F\u00fcr Facebook wird der Besuch auf unserer Seite Ihrem Benutzerkonto zuordenbar. Dabei haben wir keine Kenntnis dar\u00fcber, welcher Art die Inhalte sind, die an Facebook \u00fcbermittelt werden und wie Facebook diese nutzt.<br \/>\nErhalten Sie n\u00e4here Informationen zur Datenerhebung und Datennutzung in der Facebook-Datenschutzerkl\u00e4rung, die Sie unter http:\/\/de-de.facebook.com\/policy.php finden.<br \/>\nSie k\u00f6nnen die Zuordnung Ihres Besuches auf unserer Seite mit Ihrem Facebook-Profil unterbinden, indem Sie sich einfach vorher aus Ihrem Facebook-Account ausloggen.<\/p>\n<h2>X (vormals: Twitter) Plugin<\/h2>\n<p>Wir nutzen auf unserer Webseite auch Funktionen des Mikrobloggingdienstes X. Betreiber von X ist X Corp. (vormals: Twitter Inc.). Die Firma ist ans\u00e4ssig in den USA und in Irland.<br \/>\nHauptfunktion von X ist die &#8222;Tweet-Funktion&#8220;. Nutzen Sie diese \u00fcber unsere Internetseite, findet eine Verkn\u00fcpfung mit Ihrem Twitter-Account statt. Es kann zum Datenaustausch mit anderen Nutzern kommen und zur \u00dcbertragung von Daten an X. Wir erhalten keine Kenntnis von dem Inhalt der an X gesendeten Daten, noch werden wir \u00fcber deren Nutzung in Kenntnis gesetzt. Informieren Sie sich zu diesen Fragen unter https:\/\/x.com\/de\/privacy. Dort finden Sie die ausf\u00fchrliche Datenschutzerkl\u00e4rung von X. Weiterhin bietet Ihnen die Plattform die M\u00f6glichkeit, \u00fcber https:\/\/x.com\/settings\/account Ihre Datenschutzeinstellungen selbst zu gestalten.<\/p>\n<h2>XING Plugin<\/h2>\n<p>Wir nutzen auf unserer Webseite Funktionen von XING, einem Netzwerk, das insbesondere professionelle Kontakte seiner Mitglieder f\u00f6rdern m\u00f6chte. Anbieter dieses Netzwerkes ist die XING AG. Sie ist ans\u00e4ssig in der Dammtorstra\u00dfe 29-32 in 20354 Hamburg.<br \/>\nWird eine unserer Seiten abgerufen, die XING-Funktionen aufweist, entsteht eine Verbindung zu XING-Servern. Wir haben keine Kenntnis dar\u00fcber, dass XING personenbezogene Daten speichert. XING wertet nach unserem Kenntnisstand keine IP-Adressen aus und speichert diese auch nicht.<br \/>\nWenn Sie weitere Informationen zum XING-Datenschutz erhalten m\u00f6chten, k\u00f6nnen Sie die XING-Datenschutzerkl\u00e4rung mit dem Link https:\/\/privacy.xing.com\/de\/datenschutzerklaerung abrufen.<\/p>\n<p>Diese Datenschutzerkl\u00e4rung wurde erstellt durch <a href=\"https:\/\/www.datenschutzexperte.de\/\">www.datenschutzexperte.de<\/a><\/p>\n","protected":false},"excerpt":{"rendered":"<p>Die Kontaktdaten des Unternehmens: Name: Michael Drossmann Telefonnummer: +49 53 61 \/ 2 76 69 <a href=\"http:\/\/wundertype.de\/?page_id=885\">Read more<\/a><\/p>\n","protected":false},"author":1,"featured_media":0,"parent":0,"menu_order":0,"comment_status":"closed","ping_status":"closed","template":"","meta":{"footnotes":""},"class_list":["post-885","page","type-page","status-publish","hentry"],"_links":{"self":[{"href":"http:\/\/wundertype.de\/index.php?rest_route=\/wp\/v2\/pages\/885","targetHints":{"allow":["GET"]}}],"collection":[{"href":"http:\/\/wundertype.de\/index.php?rest_route=\/wp\/v2\/pages"}],"about":[{"href":"http:\/\/wundertype.de\/index.php?rest_route=\/wp\/v2\/types\/page"}],"author":[{"embeddable":true,"href":"http:\/\/wundertype.de\/index.php?rest_route=\/wp\/v2\/users\/1"}],"replies":[{"embeddable":true,"href":"http:\/\/wundertype.de\/index.php?rest_route=%2Fwp%2Fv2%2Fcomments&post=885"}],"version-history":[{"count":19,"href":"http:\/\/wundertype.de\/index.php?rest_route=\/wp\/v2\/pages\/885\/revisions"}],"predecessor-version":[{"id":1271,"href":"http:\/\/wundertype.de\/index.php?rest_route=\/wp\/v2\/pages\/885\/revisions\/1271"}],"wp:attachment":[{"href":"http:\/\/wundertype.de\/index.php?rest_route=%2Fwp%2Fv2%2Fmedia&parent=885"}],"curies":[{"name":"wp","href":"https:\/\/api.w.org\/{rel}","templated":true}]}}